{"id":3666,"date":"2021-09-21T13:13:10","date_gmt":"2021-09-21T12:13:10","guid":{"rendered":"https:\/\/caravista.lagrafica.com\/producto\/menu-mariscada\/"},"modified":"2021-12-29T11:43:18","modified_gmt":"2021-12-29T10:43:18","slug":"menu-mariscada","status":"publish","type":"product","link":"https:\/\/caravistarestaurant.com\/ca\/producto\/menu-mariscada\/","title":{"rendered":"Men\u00fa mariscada"},"content":{"rendered":"<p>La mariscada\u00a0Caravista\u00a0\u00e9s una selecci\u00f3 dels millors mariscos frescos de l&#8217;Atl\u00e0ntic i Mediterrani. Es compon de quatre moments especials:<\/p>\n<p>El primer: ostra\u00a0gillerdeau<br \/>\nEl segon: caragols de punxes, musclos, potes de cranc\u00a0XL<br \/>\nEl tercer: llam\u00e0ntol, escamarl\u00e0, gambes vermelles,\u00a0zamburi\u00f1as, navalles i escopinyes<br \/>\nEl quart: el nostre postre, Ferrero Rocher Gold.<\/p>\n<p>Inclou 1\/2 ampolla de vi, cava o refresc<\/p>\n","protected":false},"excerpt":{"rendered":"<p>La mariscada\u00a0Caravista\u00a0\u00e9s una selecci\u00f3 dels millors mariscos frescos de l&#8217;Atl\u00e0ntic i Mediterrani. Es compon de quatre moments especials: El primer: ostra\u00a0gillerdeau El segon: caragols de punxes, musclos, potes de cranc\u00a0XL El tercer: llam\u00e0ntol, escamarl\u00e0, gambes vermelles,\u00a0zamburi\u00f1as, navalles i escopinyes El quart: el nostre postre, Ferrero Rocher Gold. Inclou 1\/2 ampolla de vi, cava o refresc<\/p>\n","protected":false},"featured_media":2349,"comment_status":"open","ping_status":"closed","template":"","meta":{"_et_pb_use_builder":"","_et_pb_old_content":"","_et_gb_content_width":""},"product_brand":[],"product_cat":[84],"product_tag":[],"class_list":{"0":"post-3666","1":"product","2":"type-product","3":"status-publish","4":"has-post-thumbnail","6":"product_cat-regala-ca","8":"first","9":"instock","10":"virtual","11":"purchasable","12":"product-type-simple"},"_links":{"self":[{"href":"https:\/\/caravistarestaurant.com\/ca\/wp-json\/wp\/v2\/product\/3666","targetHints":{"allow":["GET"]}}],"collection":[{"href":"https:\/\/caravistarestaurant.com\/ca\/wp-json\/wp\/v2\/product"}],"about":[{"href":"https:\/\/caravistarestaurant.com\/ca\/wp-json\/wp\/v2\/types\/product"}],"replies":[{"embeddable":true,"href":"https:\/\/caravistarestaurant.com\/ca\/wp-json\/wp\/v2\/comments?post=3666"}],"wp:featuredmedia":[{"embeddable":true,"href":"https:\/\/caravistarestaurant.com\/ca\/wp-json\/wp\/v2\/media\/2349"}],"wp:attachment":[{"href":"https:\/\/caravistarestaurant.com\/ca\/wp-json\/wp\/v2\/media?parent=3666"}],"wp:term":[{"taxonomy":"product_brand","embeddable":true,"href":"https:\/\/caravistarestaurant.com\/ca\/wp-json\/wp\/v2\/product_brand?post=3666"},{"taxonomy":"product_cat","embeddable":true,"href":"https:\/\/caravistarestaurant.com\/ca\/wp-json\/wp\/v2\/product_cat?post=3666"},{"taxonomy":"product_tag","embeddable":true,"href":"https:\/\/caravistarestaurant.com\/ca\/wp-json\/wp\/v2\/product_tag?post=3666"}],"curies":[{"name":"wp","href":"https:\/\/api.w.org\/{rel}","templated":true}]}}