{"id":3665,"date":"2021-09-21T14:01:04","date_gmt":"2021-09-21T13:01:04","guid":{"rendered":"https:\/\/caravista.lagrafica.com\/producto\/menu-degustacio\/"},"modified":"2021-12-29T11:43:14","modified_gmt":"2021-12-29T10:43:14","slug":"menu-degustacio","status":"publish","type":"product","link":"https:\/\/caravistarestaurant.com\/ca\/producto\/menu-degustacio\/","title":{"rendered":"Men\u00fa degustaci\u00f3"},"content":{"rendered":"<p>El men\u00fa degustaci\u00f3 \u00e9s un viatge gastron\u00f2mic despertant els sentits<\/p>\n<ul>\n<li>\u201cBenvinguts al caravista \u201c<\/li>\n<li>\u201cLa xarxa del mar \u201c<\/li>\n<li>\u201cA la costa\u201d<\/li>\n<li>\u201cEn alta mar\u201d<\/li>\n<li>\u201cEn terra ferma\u201d<\/li>\n<li>\u201cEn aigua dol\u00e7a\u201d<\/li>\n<li>\u201cTsunami de xocolata\u201d<\/li>\n<\/ul>\n","protected":false},"excerpt":{"rendered":"<p>El men\u00fa degustaci\u00f3 \u00e9s un viatge gastron\u00f2mic despertant els sentits \u201cBenvinguts al caravista \u201c \u201cLa xarxa del mar \u201c \u201cA la costa\u201d \u201cEn alta mar\u201d \u201cEn terra ferma\u201d \u201cEn aigua dol\u00e7a\u201d \u201cTsunami de xocolata\u201d<\/p>\n","protected":false},"featured_media":2371,"comment_status":"open","ping_status":"closed","template":"","meta":{"_et_pb_use_builder":"","_et_pb_old_content":"","_et_gb_content_width":""},"product_brand":[],"product_cat":[84],"product_tag":[],"class_list":{"0":"post-3665","1":"product","2":"type-product","3":"status-publish","4":"has-post-thumbnail","6":"product_cat-regala-ca","8":"first","9":"instock","10":"virtual","11":"purchasable","12":"product-type-simple"},"_links":{"self":[{"href":"https:\/\/caravistarestaurant.com\/ca\/wp-json\/wp\/v2\/product\/3665","targetHints":{"allow":["GET"]}}],"collection":[{"href":"https:\/\/caravistarestaurant.com\/ca\/wp-json\/wp\/v2\/product"}],"about":[{"href":"https:\/\/caravistarestaurant.com\/ca\/wp-json\/wp\/v2\/types\/product"}],"replies":[{"embeddable":true,"href":"https:\/\/caravistarestaurant.com\/ca\/wp-json\/wp\/v2\/comments?post=3665"}],"wp:featuredmedia":[{"embeddable":true,"href":"https:\/\/caravistarestaurant.com\/ca\/wp-json\/wp\/v2\/media\/2371"}],"wp:attachment":[{"href":"https:\/\/caravistarestaurant.com\/ca\/wp-json\/wp\/v2\/media?parent=3665"}],"wp:term":[{"taxonomy":"product_brand","embeddable":true,"href":"https:\/\/caravistarestaurant.com\/ca\/wp-json\/wp\/v2\/product_brand?post=3665"},{"taxonomy":"product_cat","embeddable":true,"href":"https:\/\/caravistarestaurant.com\/ca\/wp-json\/wp\/v2\/product_cat?post=3665"},{"taxonomy":"product_tag","embeddable":true,"href":"https:\/\/caravistarestaurant.com\/ca\/wp-json\/wp\/v2\/product_tag?post=3665"}],"curies":[{"name":"wp","href":"https:\/\/api.w.org\/{rel}","templated":true}]}}