{"id":3653,"date":"2021-09-21T14:03:05","date_gmt":"2021-09-21T13:03:05","guid":{"rendered":"https:\/\/caravista.lagrafica.com\/producto\/menu-arrossos\/"},"modified":"2021-12-29T11:43:02","modified_gmt":"2021-12-29T10:43:02","slug":"menu-arrossos","status":"publish","type":"product","link":"https:\/\/caravistarestaurant.com\/ca\/producto\/menu-arrossos\/","title":{"rendered":"Men\u00fa arrossos"},"content":{"rendered":"<p>El men\u00fa d&#8217;arr\u00f2s \u00e9s per a gaudir dels entrants, de la paella i les postres, destacar que es pot seleccionar la paella al gust, sec, mel\u00f3s o cald\u00f3s. De la terra o de la mar.<\/p>\n<p>Inclou 1\/2\u00a0<span class=\"hiddenGrammarError\">ampolla<\/span> de vi, cava o refresc i postre.<\/p>\n","protected":false},"excerpt":{"rendered":"<p>El men\u00fa d&#8217;arr\u00f2s \u00e9s per a gaudir dels entrants, de la paella i les postres, destacar que es pot seleccionar la paella al gust, sec, mel\u00f3s o cald\u00f3s. De la terra o de la mar. Inclou 1\/2\u00a0ampolla de vi, cava o refresc i postre.<\/p>\n","protected":false},"featured_media":2368,"comment_status":"open","ping_status":"closed","template":"","meta":{"_et_pb_use_builder":"","_et_pb_old_content":"","_et_gb_content_width":""},"product_brand":[],"product_cat":[84],"product_tag":[],"class_list":{"0":"post-3653","1":"product","2":"type-product","3":"status-publish","4":"has-post-thumbnail","6":"product_cat-regala-ca","8":"first","9":"instock","10":"virtual","11":"purchasable","12":"product-type-simple"},"_links":{"self":[{"href":"https:\/\/caravistarestaurant.com\/ca\/wp-json\/wp\/v2\/product\/3653","targetHints":{"allow":["GET"]}}],"collection":[{"href":"https:\/\/caravistarestaurant.com\/ca\/wp-json\/wp\/v2\/product"}],"about":[{"href":"https:\/\/caravistarestaurant.com\/ca\/wp-json\/wp\/v2\/types\/product"}],"replies":[{"embeddable":true,"href":"https:\/\/caravistarestaurant.com\/ca\/wp-json\/wp\/v2\/comments?post=3653"}],"wp:featuredmedia":[{"embeddable":true,"href":"https:\/\/caravistarestaurant.com\/ca\/wp-json\/wp\/v2\/media\/2368"}],"wp:attachment":[{"href":"https:\/\/caravistarestaurant.com\/ca\/wp-json\/wp\/v2\/media?parent=3653"}],"wp:term":[{"taxonomy":"product_brand","embeddable":true,"href":"https:\/\/caravistarestaurant.com\/ca\/wp-json\/wp\/v2\/product_brand?post=3653"},{"taxonomy":"product_cat","embeddable":true,"href":"https:\/\/caravistarestaurant.com\/ca\/wp-json\/wp\/v2\/product_cat?post=3653"},{"taxonomy":"product_tag","embeddable":true,"href":"https:\/\/caravistarestaurant.com\/ca\/wp-json\/wp\/v2\/product_tag?post=3653"}],"curies":[{"name":"wp","href":"https:\/\/api.w.org\/{rel}","templated":true}]}}