{"id":2756,"date":"2021-12-10T09:38:59","date_gmt":"2021-12-10T08:48:41","guid":{"rendered":"https:\/\/caravista.lagrafica.com\/producto\/espatlla-de-lleto-lacada-amb-patates-ratte-i-romani\/"},"modified":"2021-12-30T13:39:12","modified_gmt":"2021-12-30T12:39:12","slug":"espatlla-de-lleto-lacada-amb-patates-ratte-i-romani","status":"publish","type":"product","link":"https:\/\/caravistarestaurant.com\/ca\/producto\/espatlla-de-lleto-lacada-amb-patates-ratte-i-romani\/","title":{"rendered":"Espatlla de lleto lacada amb patates ratte i roman\u00ed"},"content":{"rendered":"<p>La seva composici\u00f3: Espatlla de llet\u00f3 cuita al forn i lacada acompanyada de patates ratte i roman\u00ed.<\/p>\n","protected":false},"excerpt":{"rendered":"<p>La seva composici\u00f3: Espatlla de llet\u00f3 cuita al forn i lacada acompanyada de patates ratte i roman\u00ed.<\/p>\n","protected":false},"featured_media":2610,"comment_status":"closed","ping_status":"closed","template":"","meta":{"_et_pb_use_builder":"","_et_pb_old_content":"","_et_gb_content_width":""},"product_brand":[],"product_cat":[82],"product_tag":[],"class_list":{"0":"post-2756","1":"product","2":"type-product","3":"status-publish","4":"has-post-thumbnail","6":"product_cat-peix-i-carn","8":"first","9":"instock","10":"purchasable","11":"product-type-simple"},"_links":{"self":[{"href":"https:\/\/caravistarestaurant.com\/ca\/wp-json\/wp\/v2\/product\/2756","targetHints":{"allow":["GET"]}}],"collection":[{"href":"https:\/\/caravistarestaurant.com\/ca\/wp-json\/wp\/v2\/product"}],"about":[{"href":"https:\/\/caravistarestaurant.com\/ca\/wp-json\/wp\/v2\/types\/product"}],"replies":[{"embeddable":true,"href":"https:\/\/caravistarestaurant.com\/ca\/wp-json\/wp\/v2\/comments?post=2756"}],"wp:featuredmedia":[{"embeddable":true,"href":"https:\/\/caravistarestaurant.com\/ca\/wp-json\/wp\/v2\/media\/2610"}],"wp:attachment":[{"href":"https:\/\/caravistarestaurant.com\/ca\/wp-json\/wp\/v2\/media?parent=2756"}],"wp:term":[{"taxonomy":"product_brand","embeddable":true,"href":"https:\/\/caravistarestaurant.com\/ca\/wp-json\/wp\/v2\/product_brand?post=2756"},{"taxonomy":"product_cat","embeddable":true,"href":"https:\/\/caravistarestaurant.com\/ca\/wp-json\/wp\/v2\/product_cat?post=2756"},{"taxonomy":"product_tag","embeddable":true,"href":"https:\/\/caravistarestaurant.com\/ca\/wp-json\/wp\/v2\/product_tag?post=2756"}],"curies":[{"name":"wp","href":"https:\/\/api.w.org\/{rel}","templated":true}]}}