{"id":2754,"date":"2021-12-10T09:38:59","date_gmt":"2021-12-10T08:48:41","guid":{"rendered":"https:\/\/caravista.lagrafica.com\/producto\/canelo-xl-de-cua-de-toro-i-beixamel-trufada\/"},"modified":"2021-12-10T09:48:41","modified_gmt":"2021-12-10T08:48:41","slug":"canelo-xl-de-cua-de-toro-i-beixamel-trufada","status":"publish","type":"product","link":"https:\/\/caravistarestaurant.com\/ca\/producto\/canelo-xl-de-cua-de-toro-i-beixamel-trufada\/","title":{"rendered":"Canelo XL de cua de toro i beixamel trufada"},"content":{"rendered":"<p>La seva composici\u00f3: Pasta fresca farcida de carn, porc, pollastre, \u00e0nec i bou. Salses de melmelada de tom\u00e0quet i beixamel amb t\u00f2fona de temporada i parmes\u00e0<\/p>\n","protected":false},"excerpt":{"rendered":"<p>La seva composici\u00f3: Pasta fresca farcida de carn, porc, pollastre, \u00e0nec i bou. Salses de melmelada de tom\u00e0quet i beixamel amb t\u00f2fona de temporada i parmes\u00e0<\/p>\n","protected":false},"featured_media":2580,"comment_status":"closed","ping_status":"closed","template":"","meta":{"_et_pb_use_builder":"","_et_pb_old_content":"","_et_gb_content_width":""},"product_brand":[],"product_cat":[82],"product_tag":[],"class_list":{"0":"post-2754","1":"product","2":"type-product","3":"status-publish","4":"has-post-thumbnail","6":"product_cat-peix-i-carn","8":"first","9":"instock","10":"purchasable","11":"product-type-simple"},"_links":{"self":[{"href":"https:\/\/caravistarestaurant.com\/ca\/wp-json\/wp\/v2\/product\/2754","targetHints":{"allow":["GET"]}}],"collection":[{"href":"https:\/\/caravistarestaurant.com\/ca\/wp-json\/wp\/v2\/product"}],"about":[{"href":"https:\/\/caravistarestaurant.com\/ca\/wp-json\/wp\/v2\/types\/product"}],"replies":[{"embeddable":true,"href":"https:\/\/caravistarestaurant.com\/ca\/wp-json\/wp\/v2\/comments?post=2754"}],"wp:featuredmedia":[{"embeddable":true,"href":"https:\/\/caravistarestaurant.com\/ca\/wp-json\/wp\/v2\/media\/2580"}],"wp:attachment":[{"href":"https:\/\/caravistarestaurant.com\/ca\/wp-json\/wp\/v2\/media?parent=2754"}],"wp:term":[{"taxonomy":"product_brand","embeddable":true,"href":"https:\/\/caravistarestaurant.com\/ca\/wp-json\/wp\/v2\/product_brand?post=2754"},{"taxonomy":"product_cat","embeddable":true,"href":"https:\/\/caravistarestaurant.com\/ca\/wp-json\/wp\/v2\/product_cat?post=2754"},{"taxonomy":"product_tag","embeddable":true,"href":"https:\/\/caravistarestaurant.com\/ca\/wp-json\/wp\/v2\/product_tag?post=2754"}],"curies":[{"name":"wp","href":"https:\/\/api.w.org\/{rel}","templated":true}]}}