{"id":2749,"date":"2021-12-10T09:38:59","date_gmt":"2021-12-10T08:48:37","guid":{"rendered":"https:\/\/caravista.lagrafica.com\/producto\/arros-negre-amb-calamar\/"},"modified":"2021-12-10T09:48:38","modified_gmt":"2021-12-10T08:48:38","slug":"arros-negre-amb-calamar","status":"publish","type":"product","link":"https:\/\/caravistarestaurant.com\/ca\/producto\/arros-negre-amb-calamar\/","title":{"rendered":"Arr\u00f2s negre amb calamar"},"content":{"rendered":"<p>La seva composici\u00f3: Arr\u00f2s amb s\u00e8pia bruta en la seva tinta i calamar a la vista.<\/p>\n","protected":false},"excerpt":{"rendered":"<p>La seva composici\u00f3: Arr\u00f2s amb s\u00e8pia bruta en la seva tinta i calamar a la vista.<\/p>\n","protected":false},"featured_media":2571,"comment_status":"closed","ping_status":"closed","template":"","meta":{"_et_pb_use_builder":"","_et_pb_old_content":"","_et_gb_content_width":""},"product_brand":[],"product_cat":[76],"product_tag":[],"class_list":{"0":"post-2749","1":"product","2":"type-product","3":"status-publish","4":"has-post-thumbnail","6":"product_cat-arrossos","8":"first","9":"instock","10":"purchasable","11":"product-type-simple"},"_links":{"self":[{"href":"https:\/\/caravistarestaurant.com\/ca\/wp-json\/wp\/v2\/product\/2749","targetHints":{"allow":["GET"]}}],"collection":[{"href":"https:\/\/caravistarestaurant.com\/ca\/wp-json\/wp\/v2\/product"}],"about":[{"href":"https:\/\/caravistarestaurant.com\/ca\/wp-json\/wp\/v2\/types\/product"}],"replies":[{"embeddable":true,"href":"https:\/\/caravistarestaurant.com\/ca\/wp-json\/wp\/v2\/comments?post=2749"}],"wp:featuredmedia":[{"embeddable":true,"href":"https:\/\/caravistarestaurant.com\/ca\/wp-json\/wp\/v2\/media\/2571"}],"wp:attachment":[{"href":"https:\/\/caravistarestaurant.com\/ca\/wp-json\/wp\/v2\/media?parent=2749"}],"wp:term":[{"taxonomy":"product_brand","embeddable":true,"href":"https:\/\/caravistarestaurant.com\/ca\/wp-json\/wp\/v2\/product_brand?post=2749"},{"taxonomy":"product_cat","embeddable":true,"href":"https:\/\/caravistarestaurant.com\/ca\/wp-json\/wp\/v2\/product_cat?post=2749"},{"taxonomy":"product_tag","embeddable":true,"href":"https:\/\/caravistarestaurant.com\/ca\/wp-json\/wp\/v2\/product_tag?post=2749"}],"curies":[{"name":"wp","href":"https:\/\/api.w.org\/{rel}","templated":true}]}}