{"id":2730,"date":"2021-12-10T09:38:52","date_gmt":"2021-12-10T08:48:28","guid":{"rendered":"https:\/\/caravista.lagrafica.com\/producto\/carpaccio-de-gambes-amb-algues\/"},"modified":"2021-12-10T09:48:29","modified_gmt":"2021-12-10T08:48:29","slug":"carpaccio-de-gambes-amb-algues","status":"publish","type":"product","link":"https:\/\/caravistarestaurant.com\/ca\/producto\/carpaccio-de-gambes-amb-algues\/","title":{"rendered":"Carpaccio de gambes amb algues"},"content":{"rendered":"<p>La seva composici\u00f3: L\u00e0mina rodona  de gamba vermella fresca, el seu amaniment d&#8217;algues  marines, pl\u00e0ncton i  notes  c\u00edtriques faran una degustaci\u00f3 sublim. Acompanyat amb torrades.<\/p>\n","protected":false},"excerpt":{"rendered":"<p>La seva composici\u00f3: L\u00e0mina rodona de gamba vermella fresca, el seu amaniment d&#8217;algues marines, pl\u00e0ncton i notes c\u00edtriques faran una degustaci\u00f3 sublim. Acompanyat amb torrades.<\/p>\n","protected":false},"featured_media":2583,"comment_status":"closed","ping_status":"closed","template":"","meta":{"_et_pb_use_builder":"","_et_pb_old_content":"","_et_gb_content_width":""},"product_brand":[],"product_cat":[79],"product_tag":[],"class_list":{"0":"post-2730","1":"product","2":"type-product","3":"status-publish","4":"has-post-thumbnail","6":"product_cat-entrants-freds","8":"first","9":"instock","10":"purchasable","11":"product-type-simple"},"_links":{"self":[{"href":"https:\/\/caravistarestaurant.com\/ca\/wp-json\/wp\/v2\/product\/2730","targetHints":{"allow":["GET"]}}],"collection":[{"href":"https:\/\/caravistarestaurant.com\/ca\/wp-json\/wp\/v2\/product"}],"about":[{"href":"https:\/\/caravistarestaurant.com\/ca\/wp-json\/wp\/v2\/types\/product"}],"replies":[{"embeddable":true,"href":"https:\/\/caravistarestaurant.com\/ca\/wp-json\/wp\/v2\/comments?post=2730"}],"wp:featuredmedia":[{"embeddable":true,"href":"https:\/\/caravistarestaurant.com\/ca\/wp-json\/wp\/v2\/media\/2583"}],"wp:attachment":[{"href":"https:\/\/caravistarestaurant.com\/ca\/wp-json\/wp\/v2\/media?parent=2730"}],"wp:term":[{"taxonomy":"product_brand","embeddable":true,"href":"https:\/\/caravistarestaurant.com\/ca\/wp-json\/wp\/v2\/product_brand?post=2730"},{"taxonomy":"product_cat","embeddable":true,"href":"https:\/\/caravistarestaurant.com\/ca\/wp-json\/wp\/v2\/product_cat?post=2730"},{"taxonomy":"product_tag","embeddable":true,"href":"https:\/\/caravistarestaurant.com\/ca\/wp-json\/wp\/v2\/product_tag?post=2730"}],"curies":[{"name":"wp","href":"https:\/\/api.w.org\/{rel}","templated":true}]}}