{"id":2724,"date":"2021-12-10T09:38:52","date_gmt":"2021-12-10T08:48:28","guid":{"rendered":"https:\/\/caravista.lagrafica.com\/producto\/ostra-gillardeau\/"},"modified":"2021-12-10T09:48:28","modified_gmt":"2021-12-10T08:48:28","slug":"ostra-gillardeau","status":"publish","type":"product","link":"https:\/\/caravistarestaurant.com\/ca\/producto\/ostra-gillardeau\/","title":{"rendered":"Ostra Gillardeau"},"content":{"rendered":"<p>La seva composici\u00f3: Ostra Guillardeau del n\u00famero 2. Sin\u00f2nim de luxe i  excel\u00b7l\u00e8ncia. Servida oberta i amb un tros de llimona.<\/p>\n","protected":false},"excerpt":{"rendered":"<p>La seva composici\u00f3: Ostra Guillardeau del n\u00famero 2. Sin\u00f2nim de luxe i excel\u00b7l\u00e8ncia. Servida oberta i amb un tros de llimona.<\/p>\n","protected":false},"featured_media":2643,"comment_status":"closed","ping_status":"closed","template":"","meta":{"_et_pb_use_builder":"","_et_pb_old_content":"","_et_gb_content_width":""},"product_brand":[],"product_cat":[79],"product_tag":[],"class_list":{"0":"post-2724","1":"product","2":"type-product","3":"status-publish","4":"has-post-thumbnail","6":"product_cat-entrants-freds","8":"first","9":"instock","10":"purchasable","11":"product-type-simple"},"_links":{"self":[{"href":"https:\/\/caravistarestaurant.com\/ca\/wp-json\/wp\/v2\/product\/2724","targetHints":{"allow":["GET"]}}],"collection":[{"href":"https:\/\/caravistarestaurant.com\/ca\/wp-json\/wp\/v2\/product"}],"about":[{"href":"https:\/\/caravistarestaurant.com\/ca\/wp-json\/wp\/v2\/types\/product"}],"replies":[{"embeddable":true,"href":"https:\/\/caravistarestaurant.com\/ca\/wp-json\/wp\/v2\/comments?post=2724"}],"wp:featuredmedia":[{"embeddable":true,"href":"https:\/\/caravistarestaurant.com\/ca\/wp-json\/wp\/v2\/media\/2643"}],"wp:attachment":[{"href":"https:\/\/caravistarestaurant.com\/ca\/wp-json\/wp\/v2\/media?parent=2724"}],"wp:term":[{"taxonomy":"product_brand","embeddable":true,"href":"https:\/\/caravistarestaurant.com\/ca\/wp-json\/wp\/v2\/product_brand?post=2724"},{"taxonomy":"product_cat","embeddable":true,"href":"https:\/\/caravistarestaurant.com\/ca\/wp-json\/wp\/v2\/product_cat?post=2724"},{"taxonomy":"product_tag","embeddable":true,"href":"https:\/\/caravistarestaurant.com\/ca\/wp-json\/wp\/v2\/product_tag?post=2724"}],"curies":[{"name":"wp","href":"https:\/\/api.w.org\/{rel}","templated":true}]}}