{"id":3719,"date":"2021-12-28T17:15:51","date_gmt":"2021-12-28T16:15:51","guid":{"rendered":"https:\/\/caravistarestaurant.com\/condicions-generals-de-venda\/"},"modified":"2021-12-28T17:15:51","modified_gmt":"2021-12-28T16:15:51","slug":"condicions-generals-de-venda","status":"publish","type":"page","link":"https:\/\/caravistarestaurant.com\/ca\/condicions-generals-de-venda\/","title":{"rendered":"Condicions generals de venda"},"content":{"rendered":"<p><strong>Pagament<\/strong><\/p>\n<p>Podr\u00e0 utilitzar com a mitj\u00e0 de pagament targetes de cr\u00e8dit\/d\u00e8bit.<br \/>\nLes targetes de cr\u00e8dit estaran subjectes a comprovacions i autoritzacions per part de l&#8217;entitat emissora d&#8217;aquestes, per\u00f2 si aquesta entitat no autoritz\u00e9s el pagament, no ens farem responsables per cap retard o falta de lliurament i no podem formalitzar cap contracte amb l&#8217;Usuari. En autoritzar el pagament amb la targeta facilitada est\u00e0 confirmant que \u00e9s el titular de la targeta.<\/p>\n<p>El lloc web utilitza t\u00e8cniques de seguretat de la informaci\u00f3 generalment acceptada en la ind\u00fastria, com ara\u00a0firewalls, procediments de control d&#8217;acc\u00e9s i mecanismes criptogr\u00e0fics, tot aix\u00f2 a fi d&#8217;evitar l&#8217;acc\u00e9s no autoritzat de dades. Per a aconseguir aquests fins, l&#8217;usuari\/client accepta que el prestador obtingui dades per a efecte de la corresponent autenticaci\u00f3 dels controls d&#8217;acc\u00e9s.<\/p>\n<p><strong>Enviament<\/strong><\/p>\n<p>Caravista\u00a0far\u00e0 tot el possible per a lliurar dins del termini i en la forma escaient especificats durant el proc\u00e9s de compra.<\/p>\n<p><strong>Menjars<\/strong>\u00a0de Dimarts a Domingo de 12.30 a 16.00<br \/>\n<strong>Sopars<\/strong>\u00a0Divendres i Dissabte 20.00 a 23.00<br \/>\n<strong>Previ av\u00eds 24 hores<\/strong><\/p>\n<p>El dia de lliurament triar\u00e0 per l&#8217;usuari en finalitzar la compra, sempre sobre la base de la disponibilitat que es\u00a0mustra\u00a0en la web.<br \/>\nLa comanda de compra que correspon a la comanda estar\u00e0 disponible en\u00a0Caravista\u00a0Restaurant, una vegada que es confirmi el pagament, a partir de l&#8217;emissi\u00f3 del correu electr\u00f2nic. Aquesta comanda de compra original inclou l&#8217;IVA.<br \/>\nCaravista\u00a0Restaurant\u00a0demanar\u00e0 a l&#8217;usuari que tri\u00ef el lloc del lliurament, havent d&#8217;especificar el seu domicili, oficina o centre on volen que se li lliuri el producte, a m\u00e9s del tel\u00e8fon de contacte en el cas que hi hagu\u00e9s alguna incid\u00e8ncia amb el lliurament.<\/p>\n<p>Es realitzen enviaments en ciutat de Lleida.<\/p>\n<p>Cada lliurament es considera efectuada a partir de la posada a la disposici\u00f3 del producte per part del transportista al client en el lloc assenyalat per ell per al lliurament de la comanda en el moment de la seva contractaci\u00f3, materialitzat pel sistema de control utilitzat pel transportista.<br \/>\nLes reserves i reclamacions han d&#8217;anar dirigides a\u00a0Caravista\u00a0Restaurant\u00a0per correu electr\u00f2nic a info@caravistarestaurant.com. En cas que el seu paquet arribi trencat, mullat o cregui que pot estar danyat el seu contingut, ho faci constar en l&#8217;albar\u00e0 del transportista en el moment del lliurament, i ens indiqui la incid\u00e8ncia per email. En aquest sentit,\u00a0Caravista\u00a0Restaurant\u00a0reemborsar\u00e0 l&#8217;import d&#8217;aquells productes afectats per un trencament o incid\u00e8ncia esdevinguda durant el proc\u00e9s de transport com per exemple una p\u00e8rdua.<\/p>\n<p><strong>Facturaci\u00f3<\/strong><br \/>\nHaur\u00e0 de sol\u00b7licitar-la al mail: info@caravistarestaurant.com<\/p>\n<p><strong>Zones de lliurament<\/strong><br \/>\nLa zona de lliurament cobert per\u00a0Caravista\u00a0\u00e9s la ciutat de Lleida.<\/p>\n<p><strong>Devoluci\u00f3<\/strong><br \/>\nCaravista\u00a0Restaurant\u00a0retornar\u00e0 l&#8217;import de la compra del producte, quan, per alguna ra\u00f3, el producte aquest danyat o en mal estat, aix\u00ed com una equivocaci\u00f3 en l&#8217;elaboraci\u00f3 de la comanda.<\/p>\n","protected":false},"excerpt":{"rendered":"<p>Pagament Podr\u00e0 utilitzar com a mitj\u00e0 de pagament targetes de cr\u00e8dit\/d\u00e8bit. Les targetes de cr\u00e8dit estaran subjectes a comprovacions i autoritzacions per part de l&#8217;entitat emissora d&#8217;aquestes, per\u00f2 si aquesta entitat no autoritz\u00e9s el pagament, no ens farem responsables per cap retard o falta de lliurament i no podem formalitzar cap contracte amb l&#8217;Usuari. En [&hellip;]<\/p>\n","protected":false},"author":3,"featured_media":0,"parent":0,"menu_order":0,"comment_status":"closed","ping_status":"closed","template":"","meta":{"_et_pb_use_builder":"","_et_pb_old_content":"","_et_gb_content_width":"","footnotes":""},"class_list":["post-3719","page","type-page","status-publish","hentry"],"_links":{"self":[{"href":"https:\/\/caravistarestaurant.com\/ca\/wp-json\/wp\/v2\/pages\/3719","targetHints":{"allow":["GET"]}}],"collection":[{"href":"https:\/\/caravistarestaurant.com\/ca\/wp-json\/wp\/v2\/pages"}],"about":[{"href":"https:\/\/caravistarestaurant.com\/ca\/wp-json\/wp\/v2\/types\/page"}],"author":[{"embeddable":true,"href":"https:\/\/caravistarestaurant.com\/ca\/wp-json\/wp\/v2\/users\/3"}],"replies":[{"embeddable":true,"href":"https:\/\/caravistarestaurant.com\/ca\/wp-json\/wp\/v2\/comments?post=3719"}],"version-history":[{"count":0,"href":"https:\/\/caravistarestaurant.com\/ca\/wp-json\/wp\/v2\/pages\/3719\/revisions"}],"wp:attachment":[{"href":"https:\/\/caravistarestaurant.com\/ca\/wp-json\/wp\/v2\/media?parent=3719"}],"curies":[{"name":"wp","href":"https:\/\/api.w.org\/{rel}","templated":true}]}}