{"id":3667,"date":"2021-12-22T10:19:43","date_gmt":"2021-12-22T09:19:43","guid":{"rendered":"https:\/\/caravista.lagrafica.com\/equip\/"},"modified":"2022-10-25T12:22:09","modified_gmt":"2022-10-25T10:22:09","slug":"equip","status":"publish","type":"page","link":"https:\/\/caravistarestaurant.com\/ca\/equip\/","title":{"rendered":"Equip"},"content":{"rendered":"<p>[et_pb_section fb_built=&#8221;1&#8243; module_class=&#8221;fondoFijo&#8221; _builder_version=&#8221;4.10.8&#8243; _module_preset=&#8221;default&#8221; background_color=&#8221;rgba(0,0,0,0.65)&#8221; background_image=&#8221;https:\/\/caravistarestaurant.com\/wp-content\/uploads\/016_Caravista_280721-1.jpg&#8221; background_position=&#8221;bottom_center&#8221; background_blend=&#8221;soft-light&#8221; global_colors_info=&#8221;{}&#8221;][et_pb_row column_structure=&#8221;1_2,1_2&#8243; _builder_version=&#8221;4.9.11&#8243; _module_preset=&#8221;default&#8221; custom_padding=&#8221;105px||105px||true|false&#8221; global_colors_info=&#8221;{}&#8221;][et_pb_column type=&#8221;1_2&#8243; _builder_version=&#8221;4.9.11&#8243; _module_preset=&#8221;default&#8221; global_colors_info=&#8221;{}&#8221;][et_pb_text _builder_version=&#8221;4.10.6&#8243; _module_preset=&#8221;default&#8221; header_2_font=&#8221;Montserrat Alternates|300|||||||&#8221; header_2_text_align=&#8221;center&#8221; header_2_text_color=&#8221;#FFFFFF&#8221; header_2_font_size=&#8221;30px&#8221; header_3_font=&#8221;Dancing Script||||||||&#8221; header_3_text_align=&#8221;center&#8221; header_3_font_size=&#8221;33px&#8221; max_width=&#8221;300px&#8221; module_alignment=&#8221;center&#8221; animation_style=&#8221;fade&#8221; animation_direction=&#8221;top&#8221; header_2_font_size_tablet=&#8221;30px&#8221; header_2_font_size_phone=&#8221;20px&#8221; header_2_font_size_last_edited=&#8221;on|tablet&#8221; global_colors_info=&#8221;{}&#8221;]<\/p>\n<h2>Gaudeix dels tresors de la mar a Lleida<\/h2>\n<p>[\/et_pb_text][\/et_pb_column][et_pb_column type=&#8221;1_2&#8243; _builder_version=&#8221;4.9.11&#8243; _module_preset=&#8221;default&#8221; global_colors_info=&#8221;{}&#8221;][\/et_pb_column][\/et_pb_row][\/et_pb_section][et_pb_section fb_built=&#8221;1&#8243; _builder_version=&#8221;4.10.4&#8243; _module_preset=&#8221;default&#8221; global_colors_info=&#8221;{}&#8221;][et_pb_row _builder_version=&#8221;4.10.4&#8243; _module_preset=&#8221;default&#8221; global_colors_info=&#8221;{}&#8221;][et_pb_column type=&#8221;4_4&#8243; _builder_version=&#8221;4.10.4&#8243; _module_preset=&#8221;default&#8221; global_colors_info=&#8221;{}&#8221;][et_pb_text _builder_version=&#8221;4.10.6&#8243; _module_preset=&#8221;default&#8221; text_font=&#8221;|300|||||||&#8221; text_text_color=&#8221;#02594C&#8221; text_orientation=&#8221;center&#8221; global_colors_info=&#8221;{}&#8221;]<strong>Caravista\u00a0\u00e9s una\u00a0marisquer\u00eda\u00a0amb una decoraci\u00f3 fresca, desenfada i urbana<\/strong>, amb l&#8217;afany de satisfer les necessitats de tots els p\u00fablics. Inaugurada al mar\u00e7 del 2018, la tripulaci\u00f3 de la nostra \u201cnau gastron\u00f2mica\u201d est\u00e0 composta per un grup de professionals de cuina i sala <strong>apassionats per la restauraci\u00f3, en constant formaci\u00f3 i adaptats a les \u00faltimes innovacions gastron\u00f2miques.<\/strong><\/p>\n<p>El plantejament del nostre local \u00e9s molt singular, amb una<strong> peixateria en l&#8217;entrada<\/strong> \u2013en la qual s&#8217;exposen el peix i el marisc del dia\u2013, <strong>una barra per a degustar tapes<\/strong> i el restaurant pr\u00f2piament dit, que disposa de <strong>dos acollidors menjadors<\/strong> amb capacitat per a un total de 50 comensals. A m\u00e9s, un dels salons pot convertir-se en sala privada per a celebrar tot tipus d&#8217;esdeveniments.[\/et_pb_text][\/et_pb_column][\/et_pb_row][\/et_pb_section][et_pb_section fb_built=&#8221;1&#8243; module_class=&#8221;fondoFijo&#8221; _builder_version=&#8221;4.10.8&#8243; _module_preset=&#8221;default&#8221; background_image=&#8221;https:\/\/caravistarestaurant.com\/wp-content\/uploads\/081_Caravista_280721-scaled.jpg&#8221; background_position=&#8221;top_left&#8221; background_color_tablet=&#8221;rgba(0,0,0,0.32)&#8221; background_last_edited=&#8221;on|desktop&#8221; background_enable_color_tablet=&#8221;on&#8221; background_blend_tablet=&#8221;soft-light&#8221; global_colors_info=&#8221;{}&#8221;][et_pb_row column_structure=&#8221;1_2,1_2&#8243; _builder_version=&#8221;4.9.11&#8243; _module_preset=&#8221;default&#8221; custom_padding=&#8221;105px||105px||true|false&#8221; global_colors_info=&#8221;{}&#8221;][et_pb_column type=&#8221;1_2&#8243; _builder_version=&#8221;4.9.11&#8243; _module_preset=&#8221;default&#8221; global_colors_info=&#8221;{}&#8221;][\/et_pb_column][et_pb_column type=&#8221;1_2&#8243; _builder_version=&#8221;4.9.11&#8243; _module_preset=&#8221;default&#8221; global_colors_info=&#8221;{}&#8221;][et_pb_text _builder_version=&#8221;4.10.6&#8243; _module_preset=&#8221;default&#8221; header_2_font=&#8221;Montserrat Alternates|300|||||||&#8221; header_2_text_align=&#8221;center&#8221; header_2_text_color=&#8221;#FFFFFF&#8221; header_2_font_size=&#8221;30px&#8221; header_3_font=&#8221;Dancing Script||||||||&#8221; header_3_text_align=&#8221;center&#8221; header_3_font_size=&#8221;33px&#8221; max_width=&#8221;400px&#8221; module_alignment=&#8221;center&#8221; animation_style=&#8221;fade&#8221; animation_direction=&#8221;top&#8221; header_2_font_size_tablet=&#8221;30px&#8221; header_2_font_size_phone=&#8221;20px&#8221; header_2_font_size_last_edited=&#8221;on|tablet&#8221; global_colors_info=&#8221;{}&#8221;]<\/p>\n<h2><strong>Mateu Blanch Olaya<\/strong><br \/>\nl&#8217;\u00e0nima de Caravista<\/h2>\n<p>[\/et_pb_text][\/et_pb_column][\/et_pb_row][\/et_pb_section][et_pb_section fb_built=&#8221;1&#8243; _builder_version=&#8221;4.10.4&#8243; _module_preset=&#8221;default&#8221; global_colors_info=&#8221;{}&#8221;][et_pb_row _builder_version=&#8221;4.10.4&#8243; _module_preset=&#8221;default&#8221; global_colors_info=&#8221;{}&#8221;][et_pb_column type=&#8221;4_4&#8243; _builder_version=&#8221;4.10.4&#8243; _module_preset=&#8221;default&#8221; global_colors_info=&#8221;{}&#8221;][et_pb_text _builder_version=&#8221;4.10.8&#8243; _module_preset=&#8221;default&#8221; text_font=&#8221;|300|||||||&#8221; text_text_color=&#8221;#02594C&#8221; text_orientation=&#8221;center&#8221; global_colors_info=&#8221;{}&#8221;]Despr\u00e9s d&#8217;una intensa i destacada traject\u00f2ria en el m\u00f3n de la restauraci\u00f3, Mateu Blanch \u00e9s des de mar\u00e7 del 2018 copropietari del restaurant-peixateria\u00a0Caravista. \u00c9s <strong>xef internacional\u00a0food\u00a0ink<\/strong>, innovadora t\u00e8cnica d&#8217;<strong>elaboraci\u00f3 de menjar 3D<\/strong> sota el concepte del qual ha dut a terme demostracions a Holanda, Anglaterra, B\u00e8lgica, Alemanya i Espanya.<\/p>\n<p>Malgrat la seva joventut, Mateu t\u00e9 a la seva esquena un bagatge brillant. Ha exercit de xef en el nou\u00a0<strong>Parador\u00a0de Turisme de Lleida<\/strong> i en el prestigi\u00f3s restaurant <strong>La\u00a0Boscana<\/strong>\u00a0(amb una estrella Michelin); ha estat xef assessor de l&#8217;<strong>Hotel Clic\u00a0Clack<\/strong>\u00a0a Bogot\u00e0 (Col\u00f2mbia), xef executiu en <strong>Caparr\u00f3s\u00a0Celebraciones<\/strong>\u00a0i xef\u00a0project\u00a0manager\u00a0en <strong>\u00c1ngel Bosch Gastronomia<\/strong>, realitzant labors d&#8217;assessor en el departament d&#8217;I+D+i cuina central i de formador de tots els equips de cuina d&#8217;<strong>Ikea\u00a0Food\u00a0Ib\u00e8rica<\/strong> a Espanya, i ha treballat aix\u00ed mateix com a <strong>xef corporatiu en\u00a0Distform<\/strong>, assessorant els departaments d&#8217;I+D+i i m\u00e0rqueting.<\/p>\n<p>Les seves polivalents capacitats l&#8217;han portat tamb\u00e9 a exercir de speaker en showcookings en congressos i fires i de xef docent en diverses escoles d&#8217;hostaleria; i a treballar en qualitat de xef internacional en GastroAsesoramiento, xef i mestre culinari en la Fundaci\u00f3 Renal Jaume Arn\u00f3, xef en el restaurant Cassia, segon cap de cuina en el restaurant Carballeira (una estrella Michelin), i xef en el restaurant <strong>Malena (una estrella Michelin).<\/strong>[\/et_pb_text][\/et_pb_column][\/et_pb_row][\/et_pb_section][et_pb_section fb_built=&#8221;1&#8243; _builder_version=&#8221;4.10.4&#8243; _module_preset=&#8221;default&#8221; background_color=&#8221;#f7f7f7&#8243; global_colors_info=&#8221;{}&#8221;][et_pb_row column_structure=&#8221;1_3,1_3,1_3&#8243; _builder_version=&#8221;4.10.4&#8243; _module_preset=&#8221;default&#8221; width=&#8221;90%&#8221; max_width=&#8221;100%&#8221; global_colors_info=&#8221;{}&#8221;][et_pb_column type=&#8221;1_3&#8243; _builder_version=&#8221;4.10.4&#8243; _module_preset=&#8221;default&#8221; global_colors_info=&#8221;{}&#8221;][et_pb_image src=&#8221;https:\/\/caravistarestaurant.com\/wp-content\/uploads\/020_Caravista_280721.jpg&#8221; title_text=&#8221;020_Caravista_280721&#8243; align=&#8221;center&#8221; _builder_version=&#8221;4.10.4&#8243; _module_preset=&#8221;default&#8221; global_colors_info=&#8221;{}&#8221;][\/et_pb_image][\/et_pb_column][et_pb_column type=&#8221;1_3&#8243; _builder_version=&#8221;4.10.4&#8243; _module_preset=&#8221;default&#8221; global_colors_info=&#8221;{}&#8221;][et_pb_image src=&#8221;https:\/\/caravistarestaurant.com\/wp-content\/uploads\/031_Caravista_280721.jpg&#8221; title_text=&#8221;031_Caravista_280721&#8243; align=&#8221;center&#8221; _builder_version=&#8221;4.10.4&#8243; _module_preset=&#8221;default&#8221; global_colors_info=&#8221;{}&#8221;][\/et_pb_image][\/et_pb_column][et_pb_column type=&#8221;1_3&#8243; _builder_version=&#8221;4.10.4&#8243; _module_preset=&#8221;default&#8221; global_colors_info=&#8221;{}&#8221;][et_pb_image src=&#8221;https:\/\/caravistarestaurant.com\/wp-content\/uploads\/caravista-mateu.jpg&#8221; title_text=&#8221;caravista-mateu&#8221; align=&#8221;center&#8221; _builder_version=&#8221;4.10.4&#8243; _module_preset=&#8221;default&#8221; global_colors_info=&#8221;{}&#8221;][\/et_pb_image][\/et_pb_column][\/et_pb_row][\/et_pb_section][et_pb_section fb_built=&#8221;1&#8243; _builder_version=&#8221;4.10.4&#8243; _module_preset=&#8221;default&#8221; global_colors_info=&#8221;{}&#8221;][et_pb_row _builder_version=&#8221;4.10.4&#8243; _module_preset=&#8221;default&#8221; global_colors_info=&#8221;{}&#8221;][et_pb_column type=&#8221;4_4&#8243; _builder_version=&#8221;4.10.4&#8243; _module_preset=&#8221;default&#8221; global_colors_info=&#8221;{}&#8221;][et_pb_text _builder_version=&#8221;4.10.4&#8243; _module_preset=&#8221;default&#8221; text_font=&#8221;|300|||||||&#8221; text_text_color=&#8221;#02594C&#8221; text_orientation=&#8221;center&#8221; global_colors_info=&#8221;{}&#8221;]La seva labor en els fogons li ha reportat diversos reconeixements. Aquest any ha rebut la <strong>Medalla d&#8217;Or 2022<\/strong>, guard\u00f3 que cada any atorga Radio Turismo com a reconeixement a l&#8217;excel\u00b7l\u00e8ncia en el servei i a l&#8217;aposta pels productes de qualitat i de la terra per part de professionals, xefs i restaurants del pa\u00eds. El 2019 va aconseguir el premi <strong>Plato de Oro 2019<\/strong> que concedeix el mateix organisme i que valora els millors xefs de l&#8217;Estat. Ha rebut el <strong>1r Premi a la Innovaci\u00f3\u00a0Distform<\/strong>\u00a0en el Congr\u00e9s Gastron\u00f2mic de Madrid Fusi\u00f3 (2012), el <strong>1r Premi de Catalunya<\/strong> en la 20a edici\u00f3 del Concurs de Cuina \u00c0ngel Moncus\u00ed als cuiners guanyadors dels \u00faltims 20 anys (2008) i el 1r Premi de Catalunya en la 12a edici\u00f3 del Concurs de joves cuiners \u00c0ngel Moncus\u00ed (1999). Tamb\u00e9 ha estat finalista en el <strong>Concurs Internacional \u201cLo Mejor de la Gastronom\u00eda\u201d<\/strong> celebrat a Sant Sebasti\u00e0 (2003). \u00c9s coautor del Llibre Festival \u201cArt &amp; Gastronomia\u201d.[\/et_pb_text][\/et_pb_column][\/et_pb_row][\/et_pb_section][et_pb_section fb_built=&#8221;1&#8243; _builder_version=&#8221;4.10.4&#8243; _module_preset=&#8221;default&#8221; background_color=&#8221;#f7f7f7&#8243; global_colors_info=&#8221;{}&#8221;][et_pb_row column_structure=&#8221;1_3,1_3,1_3&#8243; _builder_version=&#8221;4.10.4&#8243; _module_preset=&#8221;default&#8221; width=&#8221;90%&#8221; max_width=&#8221;100%&#8221; global_colors_info=&#8221;{}&#8221;][et_pb_column type=&#8221;1_3&#8243; _builder_version=&#8221;4.10.4&#8243; _module_preset=&#8221;default&#8221; global_colors_info=&#8221;{}&#8221;][et_pb_image src=&#8221;https:\/\/caravistarestaurant.com\/wp-content\/uploads\/112_Caravista_280721_Alta.jpg&#8221; title_text=&#8221;112_Caravista_280721_Alta&#8221; align=&#8221;center&#8221; _builder_version=&#8221;4.10.8&#8243; _module_preset=&#8221;default&#8221; global_colors_info=&#8221;{}&#8221;][\/et_pb_image][\/et_pb_column][et_pb_column type=&#8221;1_3&#8243; _builder_version=&#8221;4.10.4&#8243; _module_preset=&#8221;default&#8221; global_colors_info=&#8221;{}&#8221;][et_pb_image src=&#8221;https:\/\/caravistarestaurant.com\/wp-content\/uploads\/033_Caravista_280721.jpg&#8221; title_text=&#8221;033_Caravista_280721&#8243; align=&#8221;center&#8221; _builder_version=&#8221;4.10.8&#8243; _module_preset=&#8221;default&#8221; global_colors_info=&#8221;{}&#8221;][\/et_pb_image][\/et_pb_column][et_pb_column type=&#8221;1_3&#8243; _builder_version=&#8221;4.10.4&#8243; _module_preset=&#8221;default&#8221; global_colors_info=&#8221;{}&#8221;][et_pb_image src=&#8221;https:\/\/caravistarestaurant.com\/wp-content\/uploads\/050_Caravista_280721.jpg&#8221; title_text=&#8221;050_Caravista_280721&#8243; align=&#8221;center&#8221; _builder_version=&#8221;4.10.4&#8243; _module_preset=&#8221;default&#8221; global_colors_info=&#8221;{}&#8221;][\/et_pb_image][\/et_pb_column][\/et_pb_row][\/et_pb_section][et_pb_section fb_built=&#8221;1&#8243; module_class=&#8221;fondoFijo&#8221; _builder_version=&#8221;4.10.6&#8243; _module_preset=&#8221;default&#8221; background_color=&#8221;#02594C&#8221; use_background_color_gradient=&#8221;on&#8221; background_color_gradient_start=&#8221;rgba(2,89,76,0.92)&#8221; background_color_gradient_end=&#8221;rgba(2,89,76,0.75)&#8221; background_color_gradient_overlays_image=&#8221;on&#8221; background_image=&#8221;https:\/\/caravistarestaurant.com\/wp-content\/uploads\/100_Caravista_280721-1-scaled.jpg&#8221; global_colors_info=&#8221;{}&#8221;][et_pb_row column_structure=&#8221;1_2,1_2&#8243; make_equal=&#8221;on&#8221; _builder_version=&#8221;4.10.6&#8243; _module_preset=&#8221;default&#8221; custom_padding=&#8221;105px||105px||true|false&#8221; global_colors_info=&#8221;{}&#8221;][et_pb_column type=&#8221;1_2&#8243; module_class=&#8221;alinear&#8221; _builder_version=&#8221;4.10.6&#8243; _module_preset=&#8221;default&#8221; global_colors_info=&#8221;{}&#8221;][et_pb_text _builder_version=&#8221;4.10.6&#8243; _module_preset=&#8221;default&#8221; header_2_font=&#8221;Montserrat Alternates|300|||||||&#8221; header_2_text_align=&#8221;center&#8221; header_2_text_color=&#8221;#FFFFFF&#8221; header_2_font_size=&#8221;30px&#8221; header_3_font=&#8221;Dancing Script||||||||&#8221; header_3_text_align=&#8221;center&#8221; header_3_font_size=&#8221;33px&#8221; max_width=&#8221;300px&#8221; module_alignment=&#8221;center&#8221; animation_style=&#8221;fade&#8221; animation_direction=&#8221;top&#8221; header_2_font_size_tablet=&#8221;30px&#8221; header_2_font_size_phone=&#8221;20px&#8221; header_2_font_size_last_edited=&#8221;on|tablet&#8221; global_colors_info=&#8221;{}&#8221;]<\/p>\n<h2>Regala una experi\u00e8ncia gastron\u00f2mica<\/h2>\n<p>[\/et_pb_text][et_pb_button button_url=&#8221;@ET-DC@eyJkeW5hbWljIjp0cnVlLCJjb250ZW50IjoicG9zdF9saW5rX3VybF9wYWdlIiwic2V0dGluZ3MiOnsicG9zdF9pZCI6IjQ4NCJ9fQ==@&#8221; button_text=&#8221;VEURE M\u00c9S&#8221; button_alignment=&#8221;center&#8221; _builder_version=&#8221;4.10.8&#8243; _dynamic_attributes=&#8221;button_url&#8221; _module_preset=&#8221;default&#8221; custom_button=&#8221;on&#8221; button_text_size=&#8221;16px&#8221; button_text_color=&#8221;#FFFFFF&#8221; button_border_width=&#8221;1px&#8221; button_border_color=&#8221;#FFFFFF&#8221; global_colors_info=&#8221;{}&#8221;][\/et_pb_button][\/et_pb_column][et_pb_column type=&#8221;1_2&#8243; module_class=&#8221;alinear&#8221; _builder_version=&#8221;4.10.6&#8243; _module_preset=&#8221;default&#8221; global_colors_info=&#8221;{}&#8221;][et_pb_image src=&#8221;https:\/\/caravistarestaurant.com\/wp-content\/uploads\/xecregal-caravista2-2.jpg&#8221; title_text=&#8221;xecregal-caravista&#8221; _builder_version=&#8221;4.10.8&#8243; _module_preset=&#8221;default&#8221; global_colors_info=&#8221;{}&#8221;][\/et_pb_image][\/et_pb_column][\/et_pb_row][\/et_pb_section]<\/p>\n","protected":false},"excerpt":{"rendered":"<p>Gaudeix dels tresors de la mar a LleidaCaravista\u00a0\u00e9s una\u00a0marisquer\u00eda\u00a0amb una decoraci\u00f3 fresca, desenfada i urbana, amb l&#8217;afany de satisfer les necessitats de tots els p\u00fablics. Inaugurada al mar\u00e7 del 2018, la tripulaci\u00f3 de la nostra \u201cnau gastron\u00f2mica\u201d est\u00e0 composta per un grup de professionals de cuina i sala apassionats per la restauraci\u00f3, en constant formaci\u00f3 [&hellip;]<\/p>\n","protected":false},"author":3,"featured_media":0,"parent":0,"menu_order":0,"comment_status":"closed","ping_status":"closed","template":"","meta":{"_et_pb_use_builder":"on","_et_pb_old_content":"","_et_gb_content_width":"","footnotes":""},"class_list":["post-3667","page","type-page","status-publish","hentry"],"_links":{"self":[{"href":"https:\/\/caravistarestaurant.com\/ca\/wp-json\/wp\/v2\/pages\/3667","targetHints":{"allow":["GET"]}}],"collection":[{"href":"https:\/\/caravistarestaurant.com\/ca\/wp-json\/wp\/v2\/pages"}],"about":[{"href":"https:\/\/caravistarestaurant.com\/ca\/wp-json\/wp\/v2\/types\/page"}],"author":[{"embeddable":true,"href":"https:\/\/caravistarestaurant.com\/ca\/wp-json\/wp\/v2\/users\/3"}],"replies":[{"embeddable":true,"href":"https:\/\/caravistarestaurant.com\/ca\/wp-json\/wp\/v2\/comments?post=3667"}],"version-history":[{"count":10,"href":"https:\/\/caravistarestaurant.com\/ca\/wp-json\/wp\/v2\/pages\/3667\/revisions"}],"predecessor-version":[{"id":4432,"href":"https:\/\/caravistarestaurant.com\/ca\/wp-json\/wp\/v2\/pages\/3667\/revisions\/4432"}],"wp:attachment":[{"href":"https:\/\/caravistarestaurant.com\/ca\/wp-json\/wp\/v2\/media?parent=3667"}],"curies":[{"name":"wp","href":"https:\/\/api.w.org\/{rel}","templated":true}]}}