{"id":2486,"date":"2021-12-02T16:42:11","date_gmt":"2021-12-02T15:42:11","guid":{"rendered":"https:\/\/caravista.lagrafica.com\/carta-i-menus\/"},"modified":"2026-01-14T10:50:10","modified_gmt":"2026-01-14T09:50:10","slug":"carta-i-menus","status":"publish","type":"page","link":"https:\/\/caravistarestaurant.com\/ca\/carta-i-menus\/","title":{"rendered":"Carta i men\u00fas"},"content":{"rendered":"<p>[et_pb_section fb_built=&#8221;1&#8243; module_class=&#8221;fondoFijo&#8221; _builder_version=&#8221;4.10.6&#8243; _module_preset=&#8221;default&#8221; background_enable_color=&#8221;off&#8221; use_background_color_gradient=&#8221;on&#8221; background_color_gradient_start=&#8221;rgba(2,89,76,0.92)&#8221; background_color_gradient_end=&#8221;rgba(2,89,76,0.33)&#8221; background_color_gradient_overlays_image=&#8221;on&#8221; background_image=&#8221;https:\/\/caravistarestaurant.com\/wp-content\/uploads\/007_Caravista_280721.jpg&#8221; global_colors_info=&#8221;{}&#8221;][et_pb_row column_structure=&#8221;1_2,1_2&#8243; _builder_version=&#8221;4.10.4&#8243; _module_preset=&#8221;default&#8221; custom_padding=&#8221;105px||105px||true|false&#8221; global_colors_info=&#8221;{}&#8221;][et_pb_column type=&#8221;1_2&#8243; _builder_version=&#8221;4.9.11&#8243; _module_preset=&#8221;default&#8221; global_colors_info=&#8221;{}&#8221;][et_pb_text _builder_version=&#8221;4.10.6&#8243; _module_preset=&#8221;default&#8221; header_font=&#8221;Montserrat Alternates|300|||||||&#8221; header_text_align=&#8221;center&#8221; header_text_color=&#8221;#FFFFFF&#8221; header_2_font=&#8221;Dancing Script||||||||&#8221; header_2_text_align=&#8221;center&#8221; header_2_font_size=&#8221;55px&#8221; header_3_font=&#8221;Dancing Script||||||||&#8221; header_3_text_align=&#8221;center&#8221; header_3_font_size=&#8221;33px&#8221; custom_margin=&#8221;||15px|||&#8221; animation_style=&#8221;fade&#8221; animation_direction=&#8221;top&#8221; header_font_size_tablet=&#8221;45px&#8221; header_font_size_phone=&#8221;30px&#8221; header_font_size_last_edited=&#8221;on|desktop&#8221; header_2_font_size_tablet=&#8221;45px&#8221; header_2_font_size_phone=&#8221;35px&#8221; header_2_font_size_last_edited=&#8221;on|phone&#8221; global_colors_info=&#8221;{}&#8221;]<\/p>\n<h1>Oferta gastron\u00f2mica<\/h1>\n<p>[\/et_pb_text][\/et_pb_column][et_pb_column type=&#8221;1_2&#8243; _builder_version=&#8221;4.10.4&#8243; _module_preset=&#8221;default&#8221; global_colors_info=&#8221;{}&#8221;][\/et_pb_column][\/et_pb_row][\/et_pb_section][et_pb_section fb_built=&#8221;1&#8243; disabled_on=&#8221;off|off|off&#8221; _builder_version=&#8221;4.10.8&#8243; _module_preset=&#8221;default&#8221; custom_padding=&#8221;22px||22px||false|false&#8221; global_colors_info=&#8221;{}&#8221;][et_pb_row column_structure=&#8221;1_4&#8243; use_custom_gutter=&#8221;on&#8221; gutter_width=&#8221;2&#8243; _builder_version=&#8221;4.10.8&#8243; _module_preset=&#8221;default&#8221; max_width=&#8221;1046px&#8221; module_alignment=&#8221;center&#8221; custom_padding=&#8221;0px|||||&#8221; global_colors_info=&#8221;{}&#8221;][et_pb_column type=&#8221;1_4&#8243; _builder_version=&#8221;4.10.4&#8243; _module_preset=&#8221;default&#8221; global_colors_info=&#8221;{}&#8221;][\/et_pb_column][\/et_pb_row][et_pb_row column_structure=&#8221;1_3,1_3,1_3&#8243; disabled_on=&#8221;on|on|on&#8221; _builder_version=&#8221;4.10.8&#8243; _module_preset=&#8221;default&#8221; disabled=&#8221;on&#8221; locked=&#8221;off&#8221; global_colors_info=&#8221;{}&#8221;][et_pb_column type=&#8221;1_3&#8243; _builder_version=&#8221;4.10.8&#8243; _module_preset=&#8221;default&#8221; global_colors_info=&#8221;{}&#8221;][et_pb_text module_class=&#8221;red-menu-navidad&#8221; _builder_version=&#8221;4.10.8&#8243; _module_preset=&#8221;default&#8221; background_image=&#8221;https:\/\/caravistarestaurant.com\/wp-content\/uploads\/OJO1.png&#8221; background_size=&#8221;initial&#8221; height=&#8221;290px&#8221; link_option_url=&#8221;https:\/\/caravistarestaurant.com\/wp-content\/uploads\/MENu-1-ENERO-2025.docx.pdf&#8221; link_option_url_new_window=&#8221;on&#8221; global_colors_info=&#8221;{}&#8221;]<\/p>\n<p style=\"text-align: center;\">Men\u00fa<br \/>1 de Gener<\/p>\n<p>[\/et_pb_text][\/et_pb_column][et_pb_column type=&#8221;1_3&#8243; _builder_version=&#8221;4.10.8&#8243; _module_preset=&#8221;default&#8221; global_colors_info=&#8221;{}&#8221;][et_pb_text module_class=&#8221;red-menu-navidad2&#8243; _builder_version=&#8221;4.10.8&#8243; _module_preset=&#8221;default&#8221; background_image=&#8221;https:\/\/caravistarestaurant.com\/wp-content\/uploads\/OJO1.png&#8221; background_size=&#8221;initial&#8221; height=&#8221;290px&#8221; link_option_url=&#8221;https:\/\/caravistarestaurant.com\/wp-content\/uploads\/MENU-CARTA-25-NAVIDAD.docx.pdf&#8221; link_option_url_new_window=&#8221;on&#8221; global_colors_info=&#8221;{}&#8221;]<\/p>\n<p style=\"text-align: center;\">Men\u00fa<br \/>Desembre<br \/>25 (Nadal)<\/p>\n<p>[\/et_pb_text][\/et_pb_column][et_pb_column type=&#8221;1_3&#8243; _builder_version=&#8221;4.10.8&#8243; _module_preset=&#8221;default&#8221; global_colors_info=&#8221;{}&#8221;][et_pb_text module_class=&#8221;red-menu-navidad2&#8243; _builder_version=&#8221;4.10.8&#8243; _module_preset=&#8221;default&#8221; background_image=&#8221;https:\/\/caravistarestaurant.com\/wp-content\/uploads\/OJO1.png&#8221; background_size=&#8221;initial&#8221; height=&#8221;290px&#8221; link_option_url=&#8221;https:\/\/caravistarestaurant.com\/wp-content\/uploads\/MENU-CARTA-26-SANT-ESTEVE.docx.pdf&#8221; link_option_url_new_window=&#8221;on&#8221; global_colors_info=&#8221;{}&#8221;]<\/p>\n<p style=\"text-align: center;\">Men\u00fa<br \/>Desembre<br \/>26 (Sant Esteve)<\/p>\n<p>[\/et_pb_text][\/et_pb_column][\/et_pb_row][et_pb_row column_structure=&#8221;1_2,1_2&#8243; disabled_on=&#8221;on|on|on&#8221; _builder_version=&#8221;4.10.8&#8243; _module_preset=&#8221;default&#8221; disabled=&#8221;on&#8221; locked=&#8221;off&#8221; global_colors_info=&#8221;{}&#8221;][et_pb_column type=&#8221;1_2&#8243; _builder_version=&#8221;4.10.8&#8243; _module_preset=&#8221;default&#8221; global_colors_info=&#8221;{}&#8221;][et_pb_text module_class=&#8221;red-menu-navidad3&#8243; _builder_version=&#8221;4.10.8&#8243; _module_preset=&#8221;default&#8221; background_image=&#8221;https:\/\/caravistarestaurant.com\/wp-content\/uploads\/OJO1.png&#8221; background_size=&#8221;initial&#8221; height=&#8221;290px&#8221; link_option_url=&#8221;https:\/\/caravistarestaurant.com\/wp-content\/uploads\/MENu-CARTA-DE-REIS-2025.docx.pdf&#8221; link_option_url_new_window=&#8221;on&#8221; global_colors_info=&#8221;{}&#8221;]<\/p>\n<p style=\"text-align: center;\">Men\u00fa<br \/>carta<br \/>Nit de Reis<\/p>\n<p>[\/et_pb_text][\/et_pb_column][et_pb_column type=&#8221;1_2&#8243; _builder_version=&#8221;4.10.8&#8243; _module_preset=&#8221;default&#8221; global_colors_info=&#8221;{}&#8221;][et_pb_text module_class=&#8221;red-menu-navidad4&#8243; _builder_version=&#8221;4.10.8&#8243; _module_preset=&#8221;default&#8221; background_image=&#8221;https:\/\/caravistarestaurant.com\/wp-content\/uploads\/OJO1.png&#8221; background_size=&#8221;initial&#8221; height=&#8221;290px&#8221; link_option_url=&#8221;https:\/\/caravistarestaurant.com\/wp-content\/uploads\/MENU-FIN-DE-ANO-2023.pdf&#8221; link_option_url_new_window=&#8221;on&#8221; global_colors_info=&#8221;{}&#8221;]<\/p>\n<p style=\"text-align: center;\">Men\u00fa<br \/>cap d&#8217;any<\/p>\n<p>[\/et_pb_text][\/et_pb_column][\/et_pb_row][et_pb_row column_structure=&#8221;1_3,1_3,1_3&#8243; use_custom_gutter=&#8221;on&#8221; gutter_width=&#8221;2&#8243; _builder_version=&#8221;4.10.8&#8243; _module_preset=&#8221;default&#8221; max_width=&#8221;1046px&#8221; module_alignment=&#8221;center&#8221; custom_padding=&#8221;0px|||||&#8221; global_colors_info=&#8221;{}&#8221;][et_pb_column type=&#8221;1_3&#8243; _builder_version=&#8221;4.10.4&#8243; _module_preset=&#8221;default&#8221; global_colors_info=&#8221;{}&#8221;][et_pb_blurb title=&#8221;Carta&#8221; url=&#8221;https:\/\/caravistarestaurant.com\/wp-content\/uploads\/Carta_Caravista.pdf&#8221; url_new_window=&#8221;on&#8221; image=&#8221;https:\/\/caravistarestaurant.com\/wp-content\/uploads\/OJO1.png&#8221; module_class=&#8221;ojo-buey&#8221; _builder_version=&#8221;4.10.8&#8243; _module_preset=&#8221;default&#8221; header_level=&#8221;h2&#8243; header_font=&#8221;|300|||||||&#8221; header_text_align=&#8221;center&#8221; link_option_url=&#8221;https:\/\/caravistarestaurant.com\/wp-content\/uploads\/Carta_Caravista.pdf&#8221; link_option_url_new_window=&#8221;on&#8221; hover_enabled=&#8221;0&#8243; global_colors_info=&#8221;{}&#8221; header_2_font_size_phone=&#8221;25px&#8221; header_2_font_size_last_edited=&#8221;on|desktop&#8221; sticky_enabled=&#8221;0&#8243;][\/et_pb_blurb][\/et_pb_column][et_pb_column type=&#8221;1_3&#8243; _builder_version=&#8221;4.10.4&#8243; _module_preset=&#8221;default&#8221; global_colors_info=&#8221;{}&#8221;][et_pb_blurb title=&#8221;Men\u00fas&#8221; url=&#8221;https:\/\/caravistarestaurant.com\/wp-content\/uploads\/Carta_Menus.pdf&#8221; url_new_window=&#8221;on&#8221; image=&#8221;https:\/\/caravistarestaurant.com\/wp-content\/uploads\/OJO1.png&#8221; admin_label=&#8221;Anuncio&#8221; module_class=&#8221;ojo-buey&#8221; _builder_version=&#8221;4.10.8&#8243; _module_preset=&#8221;default&#8221; header_level=&#8221;h2&#8243; header_font=&#8221;|300|||||||&#8221; header_text_align=&#8221;center&#8221; link_option_url=&#8221;https:\/\/caravistarestaurant.com\/wp-content\/uploads\/Carta_Menus.pdf&#8221; link_option_url_new_window=&#8221;on&#8221; hover_enabled=&#8221;0&#8243; global_colors_info=&#8221;{}&#8221; header_2_font_size_phone=&#8221;25px&#8221; header_2_font_size_last_edited=&#8221;on|desktop&#8221; sticky_enabled=&#8221;0&#8243;][\/et_pb_blurb][\/et_pb_column][et_pb_column type=&#8221;1_3&#8243; _builder_version=&#8221;4.10.4&#8243; _module_preset=&#8221;default&#8221; global_colors_info=&#8221;{}&#8221;][et_pb_blurb title=&#8221;Postres&#8221; url=&#8221;https:\/\/caravistarestaurant.com\/wp-content\/uploads\/Carta_postres.pdf&#8221; url_new_window=&#8221;on&#8221; image=&#8221;https:\/\/caravistarestaurant.com\/wp-content\/uploads\/OJO1.png&#8221; module_class=&#8221;ojo-buey&#8221; _builder_version=&#8221;4.10.8&#8243; _module_preset=&#8221;default&#8221; header_level=&#8221;h2&#8243; header_font=&#8221;|300|||||||&#8221; header_text_align=&#8221;center&#8221; link_option_url=&#8221;https:\/\/caravistarestaurant.com\/wp-content\/uploads\/Carta_postres.pdf&#8221; link_option_url_new_window=&#8221;on&#8221; hover_enabled=&#8221;0&#8243; global_colors_info=&#8221;{}&#8221; header_2_font_size_phone=&#8221;25px&#8221; header_2_font_size_last_edited=&#8221;on|desktop&#8221; sticky_enabled=&#8221;0&#8243;][\/et_pb_blurb][\/et_pb_column][\/et_pb_row][et_pb_row column_structure=&#8221;1_3,1_3,1_3&#8243; use_custom_gutter=&#8221;on&#8221; gutter_width=&#8221;2&#8243; _builder_version=&#8221;4.10.8&#8243; _module_preset=&#8221;default&#8221; max_width=&#8221;1046px&#8221; module_alignment=&#8221;center&#8221; min_height=&#8221;267.7px&#8221; custom_padding=&#8221;0px||0px|||&#8221; global_colors_info=&#8221;{}&#8221;][et_pb_column type=&#8221;1_3&#8243; _builder_version=&#8221;4.10.8&#8243; _module_preset=&#8221;default&#8221; global_colors_info=&#8221;{}&#8221;][et_pb_blurb title=&#8221; Men\u00fa de grups&#8221; url=&#8221;https:\/\/caravistarestaurant.com\/wp-content\/uploads\/MenAos-1-2-3-4-grupos-2024-1.pdf&#8221; url_new_window=&#8221;on&#8221; image=&#8221;https:\/\/caravistarestaurant.com\/wp-content\/uploads\/OJO1.png&#8221; disabled_on=&#8221;off|off|off&#8221; module_class=&#8221;ojo-buey&#8221; _builder_version=&#8221;4.10.8&#8243; _module_preset=&#8221;default&#8221; header_level=&#8221;h2&#8243; header_font=&#8221;|300|||||||&#8221; header_text_align=&#8221;center&#8221; custom_margin=&#8221;0px||-19px||false|false&#8221; link_option_url=&#8221;https:\/\/caravistarestaurant.com\/wp-content\/uploads\/MenAos-1-2-3-4-grupos-2024-1.pdf&#8221; link_option_url_new_window=&#8221;on&#8221; global_colors_info=&#8221;{}&#8221; header_2_font_size_phone=&#8221;25px&#8221; header_2_font_size_last_edited=&#8221;on|desktop&#8221;][et_pb_column type=&#8221;1_4&#8243; _builder_version=&#8221;4.10.4&#8243; _module_preset=&#8221;default&#8221; global_colors_info=&#8221;{}&#8221;][\/et_pb_blurb][\/et_pb_column][et_pb_column type=&#8221;1_3&#8243; _builder_version=&#8221;4.10.4&#8243; _module_preset=&#8221;default&#8221; global_colors_info=&#8221;{}&#8221;][et_pb_blurb title=&#8221;Celler&#8221; url=&#8221;https:\/\/caravistarestaurant.com\/wp-content\/uploads\/Carta_Vi.pdf&#8221; url_new_window=&#8221;on&#8221; image=&#8221;https:\/\/caravistarestaurant.com\/wp-content\/uploads\/OJO1.png&#8221; module_class=&#8221;ojo-buey&#8221; _builder_version=&#8221;4.10.8&#8243; _module_preset=&#8221;default&#8221; header_level=&#8221;h2&#8243; header_font=&#8221;|300|||||||&#8221; header_text_align=&#8221;center&#8221; link_option_url=&#8221;https:\/\/caravistarestaurant.com\/wp-content\/uploads\/Carta_Vi.pdf&#8221; link_option_url_new_window=&#8221;on&#8221; hover_enabled=&#8221;0&#8243; global_colors_info=&#8221;{}&#8221; header_2_font_size_phone=&#8221;25px&#8221; header_2_font_size_last_edited=&#8221;on|desktop&#8221; sticky_enabled=&#8221;0&#8243;][\/et_pb_blurb][\/et_pb_column][et_pb_column type=&#8221;1_3&#8243; _builder_version=&#8221;4.10.8&#8243; _module_preset=&#8221;default&#8221; global_colors_info=&#8221;{}&#8221;][et_pb_blurb title=&#8221;Per emportar&#8221; url=&#8221;https:\/\/caravistarestaurant.com\/wp-content\/uploads\/Flyer-platos-a-domicilio-1.pdf&#8221; url_new_window=&#8221;on&#8221; image=&#8221;https:\/\/caravistarestaurant.com\/wp-content\/uploads\/OJO1.png&#8221; module_class=&#8221;ojo-buey&#8221; _builder_version=&#8221;4.10.8&#8243; _module_preset=&#8221;default&#8221; header_level=&#8221;h2&#8243; header_font=&#8221;|300|||||||&#8221; header_text_align=&#8221;center&#8221; body_font=&#8221;||||||||&#8221; body_line_height=&#8221;1.8em&#8221; custom_margin=&#8221;||-39px|||&#8221; link_option_url=&#8221;https:\/\/caravistarestaurant.com\/wp-content\/uploads\/Flyer-platos-a-domicilio-1.pdf&#8221; link_option_url_new_window=&#8221;on&#8221; global_colors_info=&#8221;{}&#8221; header_2_font_size_phone=&#8221;25px&#8221; header_2_font_size_last_edited=&#8221;on|desktop&#8221;][\/et_pb_blurb][et_pb_text _builder_version=&#8221;4.10.8&#8243; _module_preset=&#8221;default&#8221; text_font_size=&#8221;1px&#8221; transform_scale=&#8221;116%|116%&#8221; link_option_url=&#8221;https:\/\/caravistarestaurant.com\/wp-content\/uploads\/menu-a-domicili-hivern-2023.pdf&#8221; link_option_url_new_window=&#8221;on&#8221; global_colors_info=&#8221;{}&#8221;][et_pb_column type=&#8221;1_4&#8243; _builder_version=&#8221;4.10.4&#8243; _module_preset=&#8221;default&#8221; global_colors_info=&#8221;{}&#8221;][\/et_pb_text][\/et_pb_column][\/et_pb_row][et_pb_row column_structure=&#8221;1_3,1_3,1_3&#8243; use_custom_gutter=&#8221;on&#8221; gutter_width=&#8221;2&#8243; _builder_version=&#8221;4.10.8&#8243; _module_preset=&#8221;default&#8221; max_width=&#8221;1046px&#8221; module_alignment=&#8221;center&#8221; min_height=&#8221;267.7px&#8221; custom_padding=&#8221;0px||0px|||&#8221; global_colors_info=&#8221;{}&#8221;][et_pb_column type=&#8221;1_3&#8243; _builder_version=&#8221;4.10.8&#8243; _module_preset=&#8221;default&#8221; global_colors_info=&#8221;{}&#8221;][\/et_pb_column][et_pb_column type=&#8221;1_3&#8243; _builder_version=&#8221;4.10.4&#8243; _module_preset=&#8221;default&#8221; global_colors_info=&#8221;{}&#8221;][et_pb_blurb title=&#8221;Carta dinar d&#8217;empresa&#8221; url=&#8221;https:\/\/caravistarestaurant.com\/wp-content\/uploads\/carta-sopar-empreses.pdf&#8221; url_new_window=&#8221;on&#8221; image=&#8221;https:\/\/caravistarestaurant.com\/wp-content\/uploads\/OJO1.png&#8221; module_class=&#8221;ojo-buey&#8221; _builder_version=&#8221;4.10.8&#8243; _module_preset=&#8221;default&#8221; header_level=&#8221;h2&#8243; header_font=&#8221;|300|||||||&#8221; header_text_align=&#8221;center&#8221; link_option_url=&#8221;https:\/\/caravistarestaurant.com\/wp-content\/uploads\/carta-sopar-empreses.pdf&#8221; link_option_url_new_window=&#8221;on&#8221; global_colors_info=&#8221;{}&#8221; header_2_font_size_phone=&#8221;25px&#8221; header_2_font_size_last_edited=&#8221;on|desktop&#8221;][\/et_pb_blurb][\/et_pb_column][et_pb_column type=&#8221;1_3&#8243; _builder_version=&#8221;4.10.8&#8243; _module_preset=&#8221;default&#8221; global_colors_info=&#8221;{}&#8221;][et_pb_text _builder_version=&#8221;4.10.8&#8243; _module_preset=&#8221;default&#8221; text_font_size=&#8221;1px&#8221; transform_scale=&#8221;116%|116%&#8221; link_option_url=&#8221;https:\/\/caravistarestaurant.com\/wp-content\/uploads\/menu-a-domicili-hivern-2023.pdf&#8221; link_option_url_new_window=&#8221;on&#8221; global_colors_info=&#8221;{}&#8221;][et_pb_column type=&#8221;1_4&#8243; _builder_version=&#8221;4.10.4&#8243; _module_preset=&#8221;default&#8221; global_colors_info=&#8221;{}&#8221;][\/et_pb_text][\/et_pb_column][\/et_pb_row][\/et_pb_section]<\/p>\n","protected":false},"excerpt":{"rendered":"<p>Oferta gastron\u00f2micaMen\u00fa1 de GenerMen\u00faDesembre25 (Nadal)Men\u00faDesembre26 (Sant Esteve)Men\u00facartaNit de ReisMen\u00facap d&#8217;any<\/p>\n","protected":false},"author":3,"featured_media":0,"parent":0,"menu_order":0,"comment_status":"closed","ping_status":"closed","template":"","meta":{"_et_pb_use_builder":"on","_et_pb_old_content":"","_et_gb_content_width":"","footnotes":""},"class_list":["post-2486","page","type-page","status-publish","hentry"],"_links":{"self":[{"href":"https:\/\/caravistarestaurant.com\/ca\/wp-json\/wp\/v2\/pages\/2486","targetHints":{"allow":["GET"]}}],"collection":[{"href":"https:\/\/caravistarestaurant.com\/ca\/wp-json\/wp\/v2\/pages"}],"about":[{"href":"https:\/\/caravistarestaurant.com\/ca\/wp-json\/wp\/v2\/types\/page"}],"author":[{"embeddable":true,"href":"https:\/\/caravistarestaurant.com\/ca\/wp-json\/wp\/v2\/users\/3"}],"replies":[{"embeddable":true,"href":"https:\/\/caravistarestaurant.com\/ca\/wp-json\/wp\/v2\/comments?post=2486"}],"version-history":[{"count":39,"href":"https:\/\/caravistarestaurant.com\/ca\/wp-json\/wp\/v2\/pages\/2486\/revisions"}],"predecessor-version":[{"id":11009,"href":"https:\/\/caravistarestaurant.com\/ca\/wp-json\/wp\/v2\/pages\/2486\/revisions\/11009"}],"wp:attachment":[{"href":"https:\/\/caravistarestaurant.com\/ca\/wp-json\/wp\/v2\/media?parent=2486"}],"curies":[{"name":"wp","href":"https:\/\/api.w.org\/{rel}","templated":true}]}}