{"id":2479,"date":"2021-12-02T16:38:34","date_gmt":"2021-12-02T15:38:34","guid":{"rendered":"https:\/\/caravista.lagrafica.com\/a-domicili\/"},"modified":"2024-02-01T10:31:42","modified_gmt":"2024-02-01T09:31:42","slug":"a-domicili","status":"publish","type":"page","link":"https:\/\/caravistarestaurant.com\/ca\/a-domicili\/","title":{"rendered":"A domicili"},"content":{"rendered":"<p>[et_pb_section fb_built=&#8221;1&#8243; module_class=&#8221;fondoFijo&#8221; _builder_version=&#8221;4.10.6&#8243; _module_preset=&#8221;default&#8221; background_enable_color=&#8221;off&#8221; use_background_color_gradient=&#8221;on&#8221; background_color_gradient_start=&#8221;rgba(2,89,76,0.92)&#8221; background_color_gradient_end=&#8221;rgba(2,89,76,0.75)&#8221; background_color_gradient_overlays_image=&#8221;on&#8221; background_image=&#8221;https:\/\/caravistarestaurant.com\/wp-content\/uploads\/100_Caravista_280721-1-scaled.jpg&#8221; global_colors_info=&#8221;{}&#8221;][et_pb_row column_structure=&#8221;1_2,1_2&#8243; make_equal=&#8221;on&#8221; _builder_version=&#8221;4.10.6&#8243; _module_preset=&#8221;default&#8221; custom_padding=&#8221;53px||53px||true|false&#8221; global_colors_info=&#8221;{}&#8221;][et_pb_column type=&#8221;1_2&#8243; module_class=&#8221;alinear&#8221; _builder_version=&#8221;4.10.6&#8243; _module_preset=&#8221;default&#8221; global_colors_info=&#8221;{}&#8221;][et_pb_text _builder_version=&#8221;4.10.8&#8243; _module_preset=&#8221;default&#8221; header_font=&#8221;|300|||||||&#8221; header_text_color=&#8221;#FFFFFF&#8221; header_font_size=&#8221;35px&#8221; header_2_font=&#8221;Dancing Script||||||||&#8221; header_2_text_align=&#8221;center&#8221; header_2_text_color=&#8221;#FFFFFF&#8221; header_2_font_size=&#8221;55px&#8221; header_3_font=&#8221;Dancing Script||||||||&#8221; header_3_text_align=&#8221;center&#8221; header_3_font_size=&#8221;33px&#8221; max_width=&#8221;300px&#8221; module_alignment=&#8221;center&#8221; custom_margin=&#8221;||10px||false|false&#8221; animation_style=&#8221;fade&#8221; animation_direction=&#8221;top&#8221; header_font_size_tablet=&#8221;45px&#8221; header_font_size_phone=&#8221;25px&#8221; header_font_size_last_edited=&#8221;on|desktop&#8221; header_2_font_size_tablet=&#8221;45px&#8221; header_2_font_size_phone=&#8221;35px&#8221; header_2_font_size_last_edited=&#8221;on|phone&#8221; global_colors_info=&#8221;{}&#8221;]<\/p>\n<h1>A domicili<\/h1>\n<p>[\/et_pb_text][et_pb_text _builder_version=&#8221;4.10.8&#8243; _module_preset=&#8221;default&#8221; text_font=&#8221;|300|||||||&#8221; text_text_color=&#8221;#FFFFFF&#8221; text_font_size=&#8221;20px&#8221; module_alignment=&#8221;center&#8221; global_colors_info=&#8221;{}&#8221;]<\/p>\n<p style=\"text-align: center;\">Tu tries quan i on<\/p>\n<p>[\/et_pb_text][et_pb_button button_url=&#8221;@ET-DC@eyJkeW5hbWljIjp0cnVlLCJjb250ZW50IjoicG9zdF9saW5rX3VybF9wYWdlIiwic2V0dGluZ3MiOnsicG9zdF9pZCI6IjM3NTEifX0=@&#8221; button_text=&#8221;Ver listado de productos&#8221; button_alignment=&#8221;center&#8221; _builder_version=&#8221;4.10.8&#8243; _dynamic_attributes=&#8221;button_url&#8221; _module_preset=&#8221;default&#8221; custom_button=&#8221;on&#8221; button_text_color=&#8221;#FFFFFF&#8221; button_border_color=&#8221;#FFFFFF&#8221; global_colors_info=&#8221;{}&#8221;][\/et_pb_button][et_pb_button button_url=&#8221;https:\/\/caravistarestaurant.com\/wp-content\/uploads\/caravista-para-llevar.pdf&#8221; button_text=&#8221;Platos per a dur (pdf)&#8221; button_alignment=&#8221;center&#8221; _builder_version=&#8221;4.10.8&#8243; _module_preset=&#8221;default&#8221; custom_button=&#8221;on&#8221; button_text_color=&#8221;#FFFFFF&#8221; button_border_color=&#8221;#FFFFFF&#8221; hover_enabled=&#8221;0&#8243; locked=&#8221;off&#8221; global_colors_info=&#8221;{}&#8221; sticky_enabled=&#8221;0&#8243;][\/et_pb_button][\/et_pb_column][et_pb_column type=&#8221;1_2&#8243; module_class=&#8221;alinear&#8221; _builder_version=&#8221;4.10.6&#8243; _module_preset=&#8221;default&#8221; global_colors_info=&#8221;{}&#8221;][et_pb_text _builder_version=&#8221;4.10.8&#8243; _module_preset=&#8221;default&#8221; text_font=&#8221;|300|||||||&#8221; text_text_color=&#8221;#FFFFFF&#8221; text_font_size=&#8221;18px&#8221; module_alignment=&#8221;center&#8221; global_colors_info=&#8221;{}&#8221;]<strong>Dinars<\/strong> de dimarts a diumenge de\u00a0<br \/>\n12:30 a 16:00<\/span><br \/>\n<strong>Sopars<\/strong> divendres i dissabte 20:00 a\u00a023:00<\/p>\n<p><strong>Lliuraments nom\u00e9s a ciutat de Lleida<\/strong>, altres poblacions a consultar.<\/p>\n<p><strong>Previ av\u00eds 24 hores<\/strong><\/p>\n<p>Si ho vols <strong>per avui<\/strong>,<strong> truca per tel\u00e8fon<\/strong>[\/et_pb_text][\/et_pb_column][\/et_pb_row][\/et_pb_section][et_pb_section fb_built=&#8221;1&#8243; disabled_on=&#8221;off|off|off&#8221; _builder_version=&#8221;4.10.8&#8243; _module_preset=&#8221;default&#8221; custom_padding=&#8221;22px||22px||true|false&#8221; global_colors_info=&#8221;{}&#8221;][et_pb_row column_structure=&#8221;1_4,1_4,1_4,1_4&#8243; use_custom_gutter=&#8221;on&#8221; gutter_width=&#8221;2&#8243; _builder_version=&#8221;4.10.8&#8243; _module_preset=&#8221;default&#8221; max_width=&#8221;1046px&#8221; module_alignment=&#8221;center&#8221; custom_padding=&#8221;0px|||||&#8221; global_colors_info=&#8221;{}&#8221;][et_pb_column type=&#8221;1_4&#8243; _builder_version=&#8221;4.10.4&#8243; _module_preset=&#8221;default&#8221; global_colors_info=&#8221;{}&#8221;][et_pb_blurb title=&#8221;Entrants freds&#8221; url=&#8221;https:\/\/caravistarestaurant.com\/ca\/categoria_ca\/entrants-freds\/&#8221; image=&#8221;https:\/\/caravistarestaurant.com\/wp-content\/uploads\/OJO1.png&#8221; module_class=&#8221;ojo-buey2&#8243; _builder_version=&#8221;4.10.8&#8243; _module_preset=&#8221;default&#8221; header_level=&#8221;h2&#8243; header_font=&#8221;|300|||||||&#8221; header_text_align=&#8221;center&#8221; link_option_url=&#8221;https:\/\/caravistarestaurant.com\/ca\/categoria_ca\/entrants-freds\/&#8221; global_colors_info=&#8221;{}&#8221; header_2_font_size_phone=&#8221;25px&#8221; header_2_font_size_last_edited=&#8221;on|desktop&#8221;][\/et_pb_blurb][\/et_pb_column][et_pb_column type=&#8221;1_4&#8243; _builder_version=&#8221;4.10.4&#8243; _module_preset=&#8221;default&#8221; global_colors_info=&#8221;{}&#8221;][et_pb_blurb title=&#8221;Entrants calents&#8221; url=&#8221;https:\/\/caravistarestaurant.com\/ca\/categoria_ca\/entrants-calents\/&#8221; image=&#8221;https:\/\/caravistarestaurant.com\/wp-content\/uploads\/OJO1.png&#8221; module_class=&#8221;ojo-buey2&#8243; _builder_version=&#8221;4.10.8&#8243; _module_preset=&#8221;default&#8221; header_level=&#8221;h2&#8243; header_font=&#8221;|300|||||||&#8221; header_text_align=&#8221;center&#8221; link_option_url=&#8221;https:\/\/caravistarestaurant.com\/ca\/categoria_ca\/entrants-calents\/&#8221; global_colors_info=&#8221;{}&#8221; header_2_font_size_phone=&#8221;25px&#8221; header_2_font_size_last_edited=&#8221;on|desktop&#8221;][\/et_pb_blurb][\/et_pb_column][et_pb_column type=&#8221;1_4&#8243; _builder_version=&#8221;4.10.4&#8243; _module_preset=&#8221;default&#8221; global_colors_info=&#8221;{}&#8221;][et_pb_blurb title=&#8221;Arrossos&#8221; url=&#8221;https:\/\/caravistarestaurant.com\/ca\/categoria_ca\/arrossos\/&#8221; image=&#8221;https:\/\/caravistarestaurant.com\/wp-content\/uploads\/OJO1.png&#8221; module_class=&#8221;ojo-buey&#8221; _builder_version=&#8221;4.10.8&#8243; _module_preset=&#8221;default&#8221; header_level=&#8221;h2&#8243; header_font=&#8221;|300|||||||&#8221; header_text_align=&#8221;center&#8221; link_option_url=&#8221;https:\/\/caravistarestaurant.com\/ca\/categoria_ca\/arrossos\/&#8221; global_colors_info=&#8221;{}&#8221; header_2_font_size_phone=&#8221;25px&#8221; header_2_font_size_last_edited=&#8221;on|desktop&#8221;][\/et_pb_blurb][\/et_pb_column][et_pb_column type=&#8221;1_4&#8243; _builder_version=&#8221;4.10.4&#8243; _module_preset=&#8221;default&#8221; global_colors_info=&#8221;{}&#8221;][et_pb_blurb title=&#8221;Fideuades&#8221; url=&#8221;https:\/\/caravistarestaurant.com\/ca\/categoria_ca\/fideuades\/&#8221; image=&#8221;https:\/\/caravistarestaurant.com\/wp-content\/uploads\/OJO1.png&#8221; module_class=&#8221;ojo-buey&#8221; _builder_version=&#8221;4.10.8&#8243; _module_preset=&#8221;default&#8221; header_level=&#8221;h2&#8243; header_font=&#8221;|300|||||||&#8221; header_text_align=&#8221;center&#8221; link_option_url=&#8221;https:\/\/caravistarestaurant.com\/ca\/categoria_ca\/fideuades\/&#8221; global_colors_info=&#8221;{}&#8221; header_2_font_size_phone=&#8221;25px&#8221; header_2_font_size_last_edited=&#8221;on|desktop&#8221;][\/et_pb_blurb][\/et_pb_column][\/et_pb_row][et_pb_row column_structure=&#8221;1_4,1_4,1_4,1_4&#8243; use_custom_gutter=&#8221;on&#8221; gutter_width=&#8221;2&#8243; _builder_version=&#8221;4.10.8&#8243; _module_preset=&#8221;default&#8221; max_width=&#8221;1046px&#8221; module_alignment=&#8221;center&#8221; custom_padding=&#8221;0px|||||&#8221; global_colors_info=&#8221;{}&#8221;][et_pb_column type=&#8221;1_4&#8243; _builder_version=&#8221;4.10.4&#8243; _module_preset=&#8221;default&#8221; global_colors_info=&#8221;{}&#8221;][et_pb_blurb title=&#8221;Mariscada&#8221; url=&#8221;https:\/\/caravistarestaurant.com\/ca\/categoria_ca\/mariscades\/&#8221; image=&#8221;https:\/\/caravistarestaurant.com\/wp-content\/uploads\/OJO1.png&#8221; module_class=&#8221;ojo-buey&#8221; _builder_version=&#8221;4.10.8&#8243; _module_preset=&#8221;default&#8221; header_level=&#8221;h2&#8243; header_font=&#8221;|300|||||||&#8221; header_text_align=&#8221;center&#8221; link_option_url=&#8221;https:\/\/caravistarestaurant.com\/ca\/categoria_ca\/mariscades\/&#8221; global_colors_info=&#8221;{}&#8221; header_2_font_size_phone=&#8221;25px&#8221; header_2_font_size_last_edited=&#8221;on|desktop&#8221;][\/et_pb_blurb][\/et_pb_column][et_pb_column type=&#8221;1_4&#8243; _builder_version=&#8221;4.10.4&#8243; _module_preset=&#8221;default&#8221; global_colors_info=&#8221;{}&#8221;][et_pb_blurb title=&#8221;Peix i carn&#8221; url=&#8221;https:\/\/caravistarestaurant.com\/ca\/categoria_ca\/peix-i-carn\/&#8221; image=&#8221;https:\/\/caravistarestaurant.com\/wp-content\/uploads\/OJO1.png&#8221; module_class=&#8221;ojo-buey2&#8243; _builder_version=&#8221;4.10.8&#8243; _module_preset=&#8221;default&#8221; header_level=&#8221;h2&#8243; header_font=&#8221;|300|||||||&#8221; header_text_align=&#8221;center&#8221; link_option_url=&#8221;https:\/\/caravistarestaurant.com\/ca\/categoria_ca\/peix-i-carn\/&#8221; global_colors_info=&#8221;{}&#8221; header_2_font_size_phone=&#8221;25px&#8221; header_2_font_size_last_edited=&#8221;on|desktop&#8221;][\/et_pb_blurb][\/et_pb_column][et_pb_column type=&#8221;1_4&#8243; _builder_version=&#8221;4.10.4&#8243; _module_preset=&#8221;default&#8221; global_colors_info=&#8221;{}&#8221;][et_pb_blurb title=&#8221;Postres&#8221; url=&#8221;https:\/\/caravistarestaurant.com\/ca\/categoria_ca\/postres-ca\/&#8221; image=&#8221;https:\/\/caravistarestaurant.com\/wp-content\/uploads\/OJO1.png&#8221; module_class=&#8221;ojo-buey&#8221; _builder_version=&#8221;4.10.8&#8243; _module_preset=&#8221;default&#8221; header_level=&#8221;h2&#8243; header_font=&#8221;|300|||||||&#8221; header_text_align=&#8221;center&#8221; link_option_url=&#8221;https:\/\/caravistarestaurant.com\/ca\/categoria_ca\/postres-ca\/&#8221; global_colors_info=&#8221;{}&#8221; header_2_font_size_phone=&#8221;25px&#8221; header_2_font_size_last_edited=&#8221;on|desktop&#8221;][\/et_pb_blurb][\/et_pb_column][et_pb_column type=&#8221;1_4&#8243; _builder_version=&#8221;4.10.4&#8243; _module_preset=&#8221;default&#8221; global_colors_info=&#8221;{}&#8221;][et_pb_blurb title=&#8221;Celler&#8221; url=&#8221;https:\/\/caravistarestaurant.com\/ca\/categoria_ca\/celler\/&#8221; image=&#8221;https:\/\/caravistarestaurant.com\/wp-content\/uploads\/OJO1.png&#8221; module_class=&#8221;ojo-buey&#8221; _builder_version=&#8221;4.10.8&#8243; _module_preset=&#8221;default&#8221; header_level=&#8221;h2&#8243; header_font=&#8221;|300|||||||&#8221; header_text_align=&#8221;center&#8221; link_option_url=&#8221;https:\/\/caravistarestaurant.com\/ca\/categoria_ca\/celler\/&#8221; global_colors_info=&#8221;{}&#8221; header_2_font_size_phone=&#8221;25px&#8221; header_2_font_size_last_edited=&#8221;on|desktop&#8221;][\/et_pb_blurb][\/et_pb_column][\/et_pb_row][\/et_pb_section]<\/p>\n","protected":false},"excerpt":{"rendered":"<p>A domiciliTu tries quan i onDinars de dimarts a diumenge de\u00a0 12:30 a 16:00 Sopars divendres i dissabte 20:00 a\u00a023:00 Lliuraments nom\u00e9s a ciutat de Lleida, altres poblacions a consultar. Previ av\u00eds 24 hores Si ho vols per avui, truca per tel\u00e8fon<\/p>\n","protected":false},"author":5,"featured_media":0,"parent":0,"menu_order":0,"comment_status":"closed","ping_status":"closed","template":"","meta":{"_et_pb_use_builder":"on","_et_pb_old_content":"","_et_gb_content_width":"","footnotes":""},"class_list":["post-2479","page","type-page","status-publish","hentry"],"_links":{"self":[{"href":"https:\/\/caravistarestaurant.com\/ca\/wp-json\/wp\/v2\/pages\/2479","targetHints":{"allow":["GET"]}}],"collection":[{"href":"https:\/\/caravistarestaurant.com\/ca\/wp-json\/wp\/v2\/pages"}],"about":[{"href":"https:\/\/caravistarestaurant.com\/ca\/wp-json\/wp\/v2\/types\/page"}],"author":[{"embeddable":true,"href":"https:\/\/caravistarestaurant.com\/ca\/wp-json\/wp\/v2\/users\/5"}],"replies":[{"embeddable":true,"href":"https:\/\/caravistarestaurant.com\/ca\/wp-json\/wp\/v2\/comments?post=2479"}],"version-history":[{"count":16,"href":"https:\/\/caravistarestaurant.com\/ca\/wp-json\/wp\/v2\/pages\/2479\/revisions"}],"predecessor-version":[{"id":9779,"href":"https:\/\/caravistarestaurant.com\/ca\/wp-json\/wp\/v2\/pages\/2479\/revisions\/9779"}],"wp:attachment":[{"href":"https:\/\/caravistarestaurant.com\/ca\/wp-json\/wp\/v2\/media?parent=2479"}],"curies":[{"name":"wp","href":"https:\/\/api.w.org\/{rel}","templated":true}]}}